{"id":43,"date":"2025-02-17T13:49:45","date_gmt":"2025-02-17T12:49:45","guid":{"rendered":"https:\/\/sanderclekkerkerk.com\/?page_id=43"},"modified":"2026-04-03T17:13:04","modified_gmt":"2026-04-03T15:13:04","slug":"about-me","status":"publish","type":"page","link":"https:\/\/sanderclekkerkerk.com\/de\/about-me\/","title":{"rendered":"\u00dcber mich"},"content":{"rendered":"\n<figure class=\"wp-block-image alignleft size-large is-style-default wp-duotone-unset-1\"><img loading=\"lazy\" decoding=\"async\" width=\"683\" height=\"1024\" src=\"https:\/\/sanderclekkerkerk.com\/wp-content\/uploads\/2025\/02\/Sander-Grasspose-1-683x1024.jpg\" alt=\"\" class=\"wp-image-59\"\/><\/figure>\n\n\n\n<p>Sander C. Lekkerkerk ist ein niederl\u00e4ndischer Pianist, dessen Spiel von einer einfachen, aber anspruchsvollen \u00dcberzeugung gepr\u00e4gt ist: dass gute Musik auf zwei S\u00e4ulen ruht \u2014 einem sch\u00f6nen Klang und einem wahrhaftigen Rhythmusgef\u00fchl. Alles andere, so glaubt er, ist Ornament.<br>Er studierte in den Niederlanden bei Jan Wijn, bevor er in die Schweiz zog, wo er unter der Leitung von Konstantin Scherbakov an der Z\u00fcrcher Hochschule der K\u00fcnste arbeitete. Er schloss sein Studium cum laude ab und befindet sich derzeit im letzten Abschnitt seines Masterstudiums. Seine Entwicklung wurde zudem durch Meisterkurse bei H\u00e5kon Austb\u00f8, Andreas Haefliger, Jean-Bernard Pommier und Lawrence Power gepr\u00e4gt sowie durch fr\u00fchere Studien bei Miroslav Dimitrov, Marcel Baudet, Dorien Leidelmeijer, Martin Lekkerkerk und St\u00e9phane de May.<br>Sander trat in ganz Europa auf, mit Konzerten in den Niederlanden, Frankreich, Spanien, der Schweiz, Deutschland, Italien, Monaco und Belgien, und wurde bei internationalen Wettbewerben ausgezeichnet, darunter beim FestiVal d\u2019Anniviers.<br>Seine Konzertprogramme spiegeln eine sorgf\u00e4ltige Balance zwischen dem wider, was das Publikum h\u00f6ren m\u00f6chte, und dem, woran er selbst glaubt \u2014 eine Symbiose, die er f\u00fcr unerl\u00e4sslich h\u00e4lt, um bedeutungsvolle Auff\u00fchrungen zu gestalten. Sein Programm Singing from the Piano vereint die sch\u00f6nsten singenden Melodien des Klavierrepertoires, darunter Liedtranskriptionen, die das Publikum einladen, sich von der Musik mitrei\u00dfen zu lassen. Pieces on Places f\u00fchrt die Zuh\u00f6rerinnen und Zuh\u00f6rer durch Werke, die jeweils mit einem bestimmten Ort auf der Erde verbunden sind, auf eine Reise rund um den Globus \u2014 unterst\u00fctzt von Bildern und gesprochenem Kontext, der es erm\u00f6glicht, die Musik nicht nur zu h\u00f6ren, sondern sie zu f\u00fchlen und sich vorzustellen.<br>Neben seiner Karriere als Konzertpianist besch\u00e4ftigt sich Sander eingehend mit Literatur, Philosophie und dem reflektierenden Schreiben in Form von Essays und Gedichten. Diese Disziplinen bereichern sein musikalisches Denken und best\u00e4rken seine grundlegende \u00dcberzeugung \u00fcber Interpretation: dass es nicht darum geht, der Musik etwas hinzuzuf\u00fcgen, sondern das Unn\u00f6tige wegzunehmen \u2014 bis etwas Wesentliches \u00fcbrig bleibt.\u200b\u200b\u200b\u200b\u200b\u200b\u200b\u200b\u200b\u200b\u200b\u200b\u200b\u200b\u200b\u200b<\/p>\n\n\n\n<p><\/p>\n\n\n\n<p><\/p>\n\n\n\n<p><\/p>\n","protected":false},"excerpt":{"rendered":"<p>Sander C. Lekkerkerk ist ein niederl\u00e4ndischer Pianist, dessen Spiel von einer einfachen, aber anspruchsvollen \u00dcberzeugung gepr\u00e4gt ist: dass gute Musik auf zwei S\u00e4ulen ruht \u2014 einem sch\u00f6nen Klang und einem &hellip; <\/p>\n<p class=\"link-more\"><a href=\"https:\/\/sanderclekkerkerk.com\/de\/about-me\/\" class=\"more-link\">Mehr <span class=\"screen-reader-text\">\u00fcber &#8222;\u00dcber mich&#8220; <\/span>Lesen<\/a><\/p>\n","protected":false},"author":1,"featured_media":0,"parent":0,"menu_order":0,"comment_status":"closed","ping_status":"closed","template":"","meta":{"inspiro_hide_title":false,"footnotes":""},"class_list":["post-43","page","type-page","status-publish","hentry"],"_links":{"self":[{"href":"https:\/\/sanderclekkerkerk.com\/de\/wp-json\/wp\/v2\/pages\/43","targetHints":{"allow":["GET"]}}],"collection":[{"href":"https:\/\/sanderclekkerkerk.com\/de\/wp-json\/wp\/v2\/pages"}],"about":[{"href":"https:\/\/sanderclekkerkerk.com\/de\/wp-json\/wp\/v2\/types\/page"}],"author":[{"embeddable":true,"href":"https:\/\/sanderclekkerkerk.com\/de\/wp-json\/wp\/v2\/users\/1"}],"replies":[{"embeddable":true,"href":"https:\/\/sanderclekkerkerk.com\/de\/wp-json\/wp\/v2\/comments?post=43"}],"version-history":[{"count":9,"href":"https:\/\/sanderclekkerkerk.com\/de\/wp-json\/wp\/v2\/pages\/43\/revisions"}],"predecessor-version":[{"id":363,"href":"https:\/\/sanderclekkerkerk.com\/de\/wp-json\/wp\/v2\/pages\/43\/revisions\/363"}],"wp:attachment":[{"href":"https:\/\/sanderclekkerkerk.com\/de\/wp-json\/wp\/v2\/media?parent=43"}],"curies":[{"name":"wp","href":"https:\/\/api.w.org\/{rel}","templated":true}]}}