{"id":87,"date":"2025-02-17T15:33:49","date_gmt":"2025-02-17T14:33:49","guid":{"rendered":"https:\/\/sanderclekkerkerk.com\/?page_id=87"},"modified":"2026-04-03T17:52:15","modified_gmt":"2026-04-03T15:52:15","slug":"repertoire","status":"publish","type":"page","link":"https:\/\/sanderclekkerkerk.com\/de\/repertoire\/","title":{"rendered":"Repertoire"},"content":{"rendered":"\n<h2 class=\"wp-block-heading\">Solo Klavier<\/h2>\n\n\n\n<h3 class=\"wp-block-heading\">\u2018Singing from the piano\u2019<\/h3>\n\n\n\n<ul class=\"wp-block-list\">\n<li>Schubert  \u2013 Godowsky  : Litany <\/li>\n\n\n\n<li>Mendelssohn : Lieder ohne Worte op. 19 &nbsp;&nbsp;&nbsp;&nbsp;&nbsp;&nbsp;&nbsp;&nbsp;&nbsp;&nbsp;&nbsp;&nbsp;&nbsp;&nbsp;&nbsp;&nbsp;&nbsp;&nbsp;<\/li>\n\n\n\n<li>Schubert \u2013  Godowsky : Gute Nacht <\/li>\n\n\n\n<li>Schubert  \u2013 Liszt : Gretchen am Spinnrade <\/li>\n\n\n\n<li>Schumann  \u2013 Liszt : Widmung\/Liebeslied <\/li>\n\n\n\n<li>Rachmaninov : Zdes Khorosho op. 21 no. 7<\/li>\n\n\n\n<li>Glinka  \u2013 Balakirev : die L\u00e4rche <\/li>\n\n\n\n<li>Liszt  : Paraphrase de Concert sur Rigoletto, S. 434 <\/li>\n<\/ul>\n\n\n\n<h3 class=\"wp-block-heading\">\u2018Pieces on Places\u2019<\/h3>\n\n\n\n<ul class=\"wp-block-list\">\n<li>Godowsky : Java Suite; 1. Gamelan, 10. In the Kraton<\/li>\n\n\n\n<li>Schumann : Fashingsschwank aus Wien op. 26<\/li>\n\n\n\n<li>Godowsky : Triakontameron; 1. Nocturnal Tangier, 12. Ethiopian Serenade; 11. Alt-Wien<\/li>\n\n\n\n<li>Rzewski : Four American ballads; Winnsboro Cotton Mill Blues<\/li>\n\n\n\n<li>Balakirev : Islamey, fantasie Orientale<\/li>\n<\/ul>\n\n\n\n<h3 class=\"wp-block-heading\">Linke Hand Allein<\/h3>\n\n\n\n<ul class=\"wp-block-list\">\n<li>Scriabin: Prelude und Nocturne f\u00fcr die linke Hand allein op. 9<\/li>\n\n\n\n<li>Bach\/Brahms: Chaconne f\u00fcr die linke Hand allein<\/li>\n\n\n\n<li>Chopin-Godowsky: Arrangements f\u00fcr die linke Hand allein \u00fcber Et\u00fcden op. 10 no 3; op. 10 no. 6; op. 10 no. 12<\/li>\n<\/ul>\n\n\n\n<h3 class=\"wp-block-heading\">\u2018Imperfect Perfection\u2019<\/h3>\n\n\n\n<p>Ein Konzertprogramm mit nur unvollendete Werke, mit alle m\u00f6gliche mysteri\u00f6se Enden. <\/p>\n\n\n\n<ul class=\"wp-block-list\">\n<li>Bach: Fantasie and Fugue in C moll BWV 906<\/li>\n\n\n\n<li>Sch\u00f6nberg: Klavierst\u00fcck-fragmente 1-6<\/li>\n\n\n\n<li>Mozart: Sonate KV 284, Erster und definitivversion vom 1. Satz<\/li>\n\n\n\n<li>Sch\u00f6nberg: Fragmente 7, 10, 11, 12<\/li>\n\n\n\n<li>Mozart: Fantasie in f moll KV Anh. 32<\/li>\n\n\n\n<li>Mozart: Fragmente einer Fuge in G dur KV Anh 41<\/li>\n\n\n\n<li>Mozart: Menuett KV 355&nbsp;<\/li>\n<\/ul>\n\n\n\n<h3 class=\"wp-block-heading\">Andere<\/h3>\n\n\n\n<ul class=\"wp-block-list\">\n<li>Alkan: le festin d&#8217;esope<\/li>\n\n\n\n<li>Bach: ausgew\u00e4hlte Prel\u00fcden und Fugun, Partita no. 6, French suite no. 1<\/li>\n\n\n\n<li>Beethoven: ausgew\u00e4hlte Sonaten<\/li>\n\n\n\n<li>Brahms: intermezzi op. 116, 117, 118<\/li>\n\n\n\n<li>Chopin: ausgew\u00e4hlte Nocturnen, Ballade no. 4, Et\u00fcden op. 10, ausgew\u00e4hlte Walzer, Mazurken<\/li>\n\n\n\n<li>Debussy: ausgew\u00e4hlte Prel\u00fcden, Ballade<\/li>\n\n\n\n<li>Haydn: ausgew\u00e4hlte Sonaten<\/li>\n\n\n\n<li>Liszt: ausgew\u00e4hlte Et\u00fcden, Dantesonate, Konsolationen<\/li>\n\n\n\n<li>Mozart: ausgew\u00e4hlte Sonaten<\/li>\n\n\n\n<li>Prokofiev: Drei Gedanken<\/li>\n\n\n\n<li>Satie: Gnossiennes, Gymnopedies<\/li>\n\n\n\n<li>Scarlatti: ausgew\u00e4hlte Sonaten<\/li>\n\n\n\n<li>Schubert: ausgew\u00e4hlte Impromptus, Walzer<\/li>\n\n\n\n<li>Schumann: Kinderszenen, sonate no. 2<\/li>\n\n\n\n<li>Scriabin: Sonata 1, ausgew\u00e4hlte Et\u00fcden und Prel\u00fcden<\/li>\n<\/ul>\n\n\n\n<h2 class=\"wp-block-heading\">Kammermusik<\/h2>\n\n\n\n<p>Mit Violine<\/p>\n\n\n\n<ul class=\"wp-block-list\">\n<li>Brahms: Komplete Violinensonaten<\/li>\n\n\n\n<li>Beethoven: Violinensonaten nos 4, 6, 9<\/li>\n\n\n\n<li>Mozart: Violinensonaten nos. 18, 21<\/li>\n\n\n\n<li>Elgar: Violinensonate<\/li>\n\n\n\n<li>Kreisler\/Pugnani: Praeludium und Allegro<\/li>\n\n\n\n<li>Paganini: Cantabile in D dur<\/li>\n\n\n\n<li>Poulec Violinensonate<\/li>\n\n\n\n<li>Franck Sonate in A dur<\/li>\n<\/ul>\n\n\n\n<p>Mit Violoncello<\/p>\n\n\n\n<ul class=\"wp-block-list\">\n<li>Beethoven Cellosonaten 3,4<\/li>\n\n\n\n<li>Franck Sonate in A dur<\/li>\n\n\n\n<li>Schubert, Arpeggione<\/li>\n\n\n\n<li>Schumann Fantasiest\u00fcke op. 73 + Adagio &#038; Allegro<\/li>\n\n\n\n<li>Faur\u00e9: Elegie<\/li>\n\n\n\n<li>Ausgew\u00e4hlte Orkestwerke (Hayn, Elgar usw)<\/li>\n<\/ul>\n\n\n\n<p>Mit Bratche<\/p>\n\n\n\n<ul class=\"wp-block-list\">\n<li>Brahms: Komplete Werke<\/li>\n\n\n\n<li>Bridge: Allegro appassionato<\/li>\n\n\n\n<li>Bruch: Romanzen<\/li>\n\n\n\n<li>Schumann: Komplete Werke<\/li>\n\n\n\n<li>Schubert, Arpeggione<\/li>\n\n\n\n<li>Vieuxtemps: Elegie<\/li>\n\n\n\n<li>Faur\u00e9: Elegie<\/li>\n\n\n\n<li>Glazunov: Elegie<\/li>\n\n\n\n<li>Franck: Sonate in A dur<\/li>\n\n\n\n<li>Kodaly: Adagio f\u00fcr Bratsche und Klavier<\/li>\n\n\n\n<li>Orkesterrepertoire zB Stamitz, Hofmeister usw<\/li>\n<\/ul>\n\n\n\n<p>Mit Gesang<\/p>\n\n\n\n<ul class=\"wp-block-list\">\n<li>Schumann: Dichterliebe, Frauenliebe- und Leben, ausgew\u00e4hlte Lieder<\/li>\n\n\n\n<li>Schubert: Winterreise, ausgew\u00e4hlte Lieder<\/li>\n\n\n\n<li>Brahms: ausgew\u00e4hlte Lieder<\/li>\n\n\n\n<li>Bernstein: I hate music<\/li>\n\n\n\n<li>Debussy: Ariettes oubli\u00e9s<\/li>\n\n\n\n<li>Strauss: der Kr\u00e4merspiegel, ausgew\u00e4hlte Lieder<\/li>\n\n\n\n<li>Maitzegui: Komplete Lieder in Galizisch<\/li>\n\n\n\n<li>William Alwyn: Mirages<\/li>\n\n\n\n<li>Rachmaninov: ausgew\u00e4hlte Lieder<\/li>\n\n\n\n<li class=\"has-primary-color has-text-color has-link-color wp-elements-53d68fba0dd8f87b955e06a2132e5329\">Tchaikofsky: ausgew\u00e4hlte Lieder<\/li>\n\n\n\n<li>Wolf: ausgew\u00e4hlte Lieder<\/li>\n\n\n\n<li>Ausgew\u00e4hlte Opera-arien<\/li>\n<\/ul>\n\n\n\n<p>Andere Ensembles<\/p>\n\n\n\n<p>Klaviertrios:<\/p>\n\n\n\n<ul class=\"wp-block-list\">\n<li>Alkan Klaviertrio op. 30 no. 1 in g moll<\/li>\n\n\n\n<li>Mendelssohn op. 49 in d moll<\/li>\n\n\n\n<li>Beethoven Gassenhauertrio<\/li>\n\n\n\n<li>Mozart G dur and B dur<\/li>\n\n\n\n<li>Alfred Schnittke Klaviertrio<\/li>\n\n\n\n<li>Ravel Klaviertrio<\/li>\n\n\n\n<li>Schubert trios no. 1 &#038; 2<\/li>\n\n\n\n<li>Shostakovich trios 1 &#038; 2<\/li>\n\n\n\n<li>Arensky Klaviertrio<\/li>\n\n\n\n<li>Debussy Klaviertrio<\/li>\n\n\n\n<li>Rachmaninov Elegiaque no. 1<\/li>\n<\/ul>\n\n\n\n<ul class=\"wp-block-list\">\n<li>Mozart Kegelstatt trio for Klarinette, Bratsche and Klavier<\/li>\n\n\n\n<li>Bartok: Kontraste<\/li>\n\n\n\n<li>Bruch 8 St\u00fccke f\u00fcr Klarinette, Violoncello and Klavier<\/li>\n\n\n\n<li>Brahms: Klarinettrio; 2 Gesange for Bratsche, Stimme und Klavier<\/li>\n\n\n\n<li>Brahms: Klavierquintet<\/li>\n\n\n\n<li>Faur\u00e9: Klavierquintet no. 2 in d moll<\/li>\n\n\n\n<li>Shostakovich 5 Duette f\u00fcr 2 Violinen und Klavier<\/li>\n<\/ul>\n\n\n\n<figure class=\"wp-block-image alignwide size-large\"><img loading=\"lazy\" decoding=\"async\" width=\"683\" height=\"1024\" src=\"https:\/\/sanderclekkerkerk.com\/wp-content\/uploads\/2025\/02\/IMG_0064-683x1024.jpeg\" alt=\"\" class=\"wp-image-91\" srcset=\"https:\/\/sanderclekkerkerk.com\/wp-content\/uploads\/2025\/02\/IMG_0064-683x1024.jpeg 683w, https:\/\/sanderclekkerkerk.com\/wp-content\/uploads\/2025\/02\/IMG_0064-200x300.jpeg 200w, https:\/\/sanderclekkerkerk.com\/wp-content\/uploads\/2025\/02\/IMG_0064.jpeg 1168w\" sizes=\"auto, (max-width: 683px) 100vw, 683px\" \/><\/figure>\n\n\n\n<p><\/p>\n","protected":false},"excerpt":{"rendered":"<p>Solo Klavier \u2018Singing from the piano\u2019 \u2018Pieces on Places\u2019 Linke Hand Allein \u2018Imperfect Perfection\u2019 Ein Konzertprogramm mit nur unvollendete Werke, mit alle m\u00f6gliche mysteri\u00f6se Enden. Andere Kammermusik Mit Violine Mit &hellip; <\/p>\n<p class=\"link-more\"><a href=\"https:\/\/sanderclekkerkerk.com\/de\/repertoire\/\" class=\"more-link\">Mehr <span class=\"screen-reader-text\">\u00fcber &#8222;Repertoire&#8220; <\/span>Lesen<\/a><\/p>\n","protected":false},"author":1,"featured_media":0,"parent":0,"menu_order":0,"comment_status":"closed","ping_status":"closed","template":"","meta":{"inspiro_hide_title":false,"footnotes":""},"class_list":["post-87","page","type-page","status-publish","hentry"],"_links":{"self":[{"href":"https:\/\/sanderclekkerkerk.com\/de\/wp-json\/wp\/v2\/pages\/87","targetHints":{"allow":["GET"]}}],"collection":[{"href":"https:\/\/sanderclekkerkerk.com\/de\/wp-json\/wp\/v2\/pages"}],"about":[{"href":"https:\/\/sanderclekkerkerk.com\/de\/wp-json\/wp\/v2\/types\/page"}],"author":[{"embeddable":true,"href":"https:\/\/sanderclekkerkerk.com\/de\/wp-json\/wp\/v2\/users\/1"}],"replies":[{"embeddable":true,"href":"https:\/\/sanderclekkerkerk.com\/de\/wp-json\/wp\/v2\/comments?post=87"}],"version-history":[{"count":20,"href":"https:\/\/sanderclekkerkerk.com\/de\/wp-json\/wp\/v2\/pages\/87\/revisions"}],"predecessor-version":[{"id":370,"href":"https:\/\/sanderclekkerkerk.com\/de\/wp-json\/wp\/v2\/pages\/87\/revisions\/370"}],"wp:attachment":[{"href":"https:\/\/sanderclekkerkerk.com\/de\/wp-json\/wp\/v2\/media?parent=87"}],"curies":[{"name":"wp","href":"https:\/\/api.w.org\/{rel}","templated":true}]}}